{"id":13,"date":"2022-12-14T12:03:57","date_gmt":"2022-12-14T11:03:57","guid":{"rendered":"https:\/\/partybus-factory.de\/?page_id=13"},"modified":"2023-01-06T21:12:08","modified_gmt":"2023-01-06T20:12:08","slug":"ueberuns","status":"publish","type":"page","link":"https:\/\/partybus-factory.de\/index.php\/ueberuns\/","title":{"rendered":"\u00dcber uns"},"content":{"rendered":"\n<div style=\"height:128px\" aria-hidden=\"true\" class=\"wp-block-spacer\"><\/div>\n\n\n\n<h2 class=\"wp-block-heading\">Die Geschichte hinter Partybus Factory<\/h2>\n\n\n\n<p class=\"has-black-color has-text-color\">Um die Geschichte zu verstehen m\u00fcssen wir uns als erstes das Team von Partybus Factory ansehen. Unser Team ist im Alter zwischen 20-30. Als wir damals noch J\u00fcnger waren, h\u00e4tten wir uns auch einen Partybus gew\u00fcnscht, der uns zu den Veranstaltungen in der Gegend gefahren h\u00e4tte. Zu unserer Zeit gab es sowas aber noch gar nicht. Aus diesem Gedanke entsandt die Idee des Partybusses. Also haben wir uns hingesetzt und geplant. Wir wollten die gr\u00f6\u00dften Fahrzeuge damit wir jedem einen Platz bieten k\u00f6nnen.<\/p>\n\n\n\n<p class=\"has-black-color has-text-color\">Allg\u00e4uX war unsere erste Veranstaltung. An dieser Stelle noch mal vielen Dank an das Team von Allg\u00e4uX. (Zu dieser Zeit hatten wir nur den Allg\u00e4u Partybus) Die Organisation stellte uns vor einige Herausforderungen, die wir jedoch gut bew\u00e4ltigt haben. Jeder Fahrgast des Partybusses hatte eine Einlassgarantie zur Party, der Fahrplan war fertig und auch auf Facebook verbreitet.<\/p>\n\n\n\n<p class=\"has-black-color has-text-color\">Dann der erste Abend. die Aufregung war gro\u00df. Wir \u00fcberhaupt jemand kommen ? Haben wir jetzt so viel Geld in den Sand gesetzt ? Unsere erste Haltestelle war in Wangen der Busbahnhof. Als wir dort hinein fuhren waren ganz viele Personen an den einzelnen Haltestellen. Wir dachten das diese alle auf die anderen Busse warteten. Als wir dann aber an der Haltestelle standen, kamen pl\u00f6tzlich alle zu uns und wollten mit uns fahren. Das war der Moment wo wir wussten wir hatten es geschafft.<\/p>\n\n\n\n<p class=\"has-black-color has-text-color\">Der Allg\u00e4u Partybus war ein voller Erfolg.<\/p>\n\n\n\n<p><\/p>\n\n\n\n<p class=\"has-black-color has-text-color\">Kurz darauf war der Hexenball in Neukirch. Die wohl angesagteste Veranstaltung hier in der Gegend. Wir wussten dort wird die H\u00f6lle los sein. Au\u00dferdem wollten wir noch einen weiteren Partybus organisieren der aus Richtung Meckenbeuren und Tettnang nach Neukirch f\u00e4hrt. Das war die Geburtsstunde des Bodensee eXpress. Auch dieser war wieder ein voller Erfolg. Darauf folgte noch der Fu\u00df-Ball XL in Neukirch. Auch diese Fahrt war gut ausgelastet.<\/p>\n\n\n\n<p><\/p>\n\n\n\n<p class=\"has-black-color has-text-color\">Dann kam Corona&#8230;&#8230;..<\/p>\n\n\n\n<p class=\"has-black-color has-text-color\">W\u00e4hrend der Corona Zeit ging es uns genauso wie der gesamten Veranstaltungsbranche. Uns waren die H\u00e4nde gebunden. Wir hatten im Jahr 2020 bereits so viel geplant. Aber auf Grund der Auflagen haben wir alles wieder absagen m\u00fcssen bzw. konnten es gar nicht erst ank\u00fcndigen.<\/p>\n\n\n\n<p><\/p>\n\n\n\n<p class=\"has-black-color has-text-color\">Daf\u00fcr geht es jetzt um so St\u00e4rker weiter. Wir haben alles noch weiter perfektioniert, haben weiterinvestiert sodass man bei uns im Bus jetzt auch mit Karte Zahlen kann. Wir haben eigene Kassen, wo die Tickets direkt vor Ort gedruckt werden k\u00f6nnen und wir im Hintergrund unsere Statistiken f\u00fchren k\u00f6nnen.<\/p>\n\n\n\n<p><\/p>\n\n\n\n<p class=\"has-black-color has-text-color\">Wir sitzen bereits jetzt auf hei\u00dfen Kohlen und freuen uns auf das Jahr <strong>2023<\/strong><\/p>\n\n\n\n<div style=\"height:100px\" aria-hidden=\"true\" class=\"wp-block-spacer\"><\/div>\n\n\n\n<hr class=\"wp-block-separator has-alpha-channel-opacity is-style-wide\"\/>\n\n\n\n<div style=\"height:100px\" aria-hidden=\"true\" class=\"wp-block-spacer\"><\/div>\n\n\n\n<h2 class=\"has-medium-font-size wp-block-heading\">Habt ihr eine angesagte Veranstaltung und wollt dass der Partybus dorthin f\u00e4hrt oder ihr seid selbst Veranstalter, dann tretet mit uns in Kontakt.<\/h2>\n\n\n\n<h2 class=\"has-medium-font-size wp-block-heading\">Einfach eine Email an marcel@partybus-factory.de schreiben und wir melden uns bei euch.<\/h2>\n","protected":false},"excerpt":{"rendered":"<p>Die Geschichte hinter Partybus Factory Um die Geschichte zu verstehen m\u00fcssen wir uns als erstes das Team von Partybus Factory ansehen. Unser Team ist im Alter zwischen 20-30. Als wir damals noch J\u00fcnger waren, h\u00e4tten wir uns auch einen Partybus gew\u00fcnscht, der uns zu den Veranstaltungen in der Gegend gefahren h\u00e4tte. Zu unserer Zeit gab&hellip; <br \/> <a class=\"read-more\" href=\"https:\/\/partybus-factory.de\/index.php\/ueberuns\/\">Weiterlesen<\/a><\/p>\n","protected":false},"author":1,"featured_media":0,"parent":0,"menu_order":0,"comment_status":"closed","ping_status":"closed","template":"","meta":{"footnotes":""},"class_list":["post-13","page","type-page","status-publish","hentry"],"_links":{"self":[{"href":"https:\/\/partybus-factory.de\/index.php\/wp-json\/wp\/v2\/pages\/13","targetHints":{"allow":["GET"]}}],"collection":[{"href":"https:\/\/partybus-factory.de\/index.php\/wp-json\/wp\/v2\/pages"}],"about":[{"href":"https:\/\/partybus-factory.de\/index.php\/wp-json\/wp\/v2\/types\/page"}],"author":[{"embeddable":true,"href":"https:\/\/partybus-factory.de\/index.php\/wp-json\/wp\/v2\/users\/1"}],"replies":[{"embeddable":true,"href":"https:\/\/partybus-factory.de\/index.php\/wp-json\/wp\/v2\/comments?post=13"}],"version-history":[{"count":10,"href":"https:\/\/partybus-factory.de\/index.php\/wp-json\/wp\/v2\/pages\/13\/revisions"}],"predecessor-version":[{"id":140,"href":"https:\/\/partybus-factory.de\/index.php\/wp-json\/wp\/v2\/pages\/13\/revisions\/140"}],"wp:attachment":[{"href":"https:\/\/partybus-factory.de\/index.php\/wp-json\/wp\/v2\/media?parent=13"}],"curies":[{"name":"wp","href":"https:\/\/api.w.org\/{rel}","templated":true}]}}