{"id":389,"date":"2025-11-25T10:51:54","date_gmt":"2025-11-25T09:51:54","guid":{"rendered":"https:\/\/partybus-factory.de\/?page_id=389"},"modified":"2025-11-25T10:51:54","modified_gmt":"2025-11-25T09:51:54","slug":"final-drive","status":"publish","type":"page","link":"https:\/\/partybus-factory.de\/index.php\/final-drive\/","title":{"rendered":"Final Drive"},"content":{"rendered":"\n<p>Liebe Partypeople, Fahrg\u00e4ste und Veranstalter,<\/p>\n\n\n\n<p>nach vielen Jahren voller guter Laune und unvergesslicher Fahrten m\u00f6chten wir euch heute eine wichtige Entscheidung mitteilen: Wir werden unseren Partybus-Service einstellen.<\/p>\n\n\n\n<p>Der Hexenball 2026 wird unsere letzte Fahrt, die wir wie gewohnt f\u00fcr euch anbieten. Danach endet unser bisheriges Angebot.<\/p>\n\n\n\n<p>In den letzten Jahren hat sich viel ver\u00e4ndert: Die Fahrgastzahlen des Partybusses wurden immer geringer, w\u00e4hrend gleichzeitig Verschmutzungen und Sch\u00e4den an unseren Fahrzeugen stark zugenommen haben. Um wirtschaftlich weiterzumachen, m\u00fcssten wir die Preise so erh\u00f6hen, dass es f\u00fcr niemanden mehr attraktiv w\u00e4re.<\/p>\n\n\n\n<p>Hinzu kommt, dass die Beantragung von Genehmigungen in einigen Landkreisen immer komplizierter wurde. Teilweise haben wir sogar keine Genehmigungen mehr erhalten, wodurch einige Events auch gar nicht mehr angefahren wurden.  Die b\u00fcrokratischen H\u00fcrden f\u00fcr so eine &#8222;einfache&#8220; Fahrt sind enorm, wobei sich dies auch von Landkreis zu Landkreis unterscheidet. Auch das tr\u00e4gt dazu bei, dass ein zuverl\u00e4ssiger und planbarer Betrieb so nicht mehr m\u00f6glich war.<\/p>\n\n\n\n<p>Ob es in Zukunft ein neues Konzept oder ein komplett neues Modell geben wird, k\u00f6nnen wir aktuell nicht sagen. Aber wir arbeiten intern an etwas neuem \ud83d\ude42<\/p>\n\n\n\n<p>Wir m\u00f6chten uns von Herzen bei euch bedanken. Es hat uns immer Freude gemacht, ein Teil eurer Partyn\u00e4chte zu sein, die Stimmung an Bord mitzuerleben und gemeinsam besondere Erinnerungen zu schaffen. Es war eine wilde, laute, fr\u00f6hliche und wertvolle Zeit \u2013 und wir nehmen sie mit einem warmen Gef\u00fchl mit.<\/p>\n\n\n\n<p>Euer<br><strong>Partybus-Factory Team<\/strong><\/p>\n","protected":false},"excerpt":{"rendered":"<p>Liebe Partypeople, Fahrg\u00e4ste und Veranstalter, nach vielen Jahren voller guter Laune und unvergesslicher Fahrten m\u00f6chten wir euch heute eine wichtige Entscheidung mitteilen: Wir werden unseren Partybus-Service einstellen. Der Hexenball 2026 wird unsere letzte Fahrt, die wir wie gewohnt f\u00fcr euch anbieten. Danach endet unser bisheriges Angebot. In den letzten Jahren hat sich viel ver\u00e4ndert: Die&hellip; <br \/> <a class=\"read-more\" href=\"https:\/\/partybus-factory.de\/index.php\/final-drive\/\">Weiterlesen<\/a><\/p>\n","protected":false},"author":1,"featured_media":0,"parent":0,"menu_order":0,"comment_status":"closed","ping_status":"closed","template":"","meta":{"footnotes":""},"class_list":["post-389","page","type-page","status-publish","hentry"],"_links":{"self":[{"href":"https:\/\/partybus-factory.de\/index.php\/wp-json\/wp\/v2\/pages\/389","targetHints":{"allow":["GET"]}}],"collection":[{"href":"https:\/\/partybus-factory.de\/index.php\/wp-json\/wp\/v2\/pages"}],"about":[{"href":"https:\/\/partybus-factory.de\/index.php\/wp-json\/wp\/v2\/types\/page"}],"author":[{"embeddable":true,"href":"https:\/\/partybus-factory.de\/index.php\/wp-json\/wp\/v2\/users\/1"}],"replies":[{"embeddable":true,"href":"https:\/\/partybus-factory.de\/index.php\/wp-json\/wp\/v2\/comments?post=389"}],"version-history":[{"count":2,"href":"https:\/\/partybus-factory.de\/index.php\/wp-json\/wp\/v2\/pages\/389\/revisions"}],"predecessor-version":[{"id":391,"href":"https:\/\/partybus-factory.de\/index.php\/wp-json\/wp\/v2\/pages\/389\/revisions\/391"}],"wp:attachment":[{"href":"https:\/\/partybus-factory.de\/index.php\/wp-json\/wp\/v2\/media?parent=389"}],"curies":[{"name":"wp","href":"https:\/\/api.w.org\/{rel}","templated":true}]}}